{"id":234583,"date":"2020-10-05T15:52:38","date_gmt":"2020-10-05T15:52:38","guid":{"rendered":"https:\/\/www.attentigroup.com\/intl\/home\/"},"modified":"2024-03-20T22:34:20","modified_gmt":"2024-03-20T22:34:20","slug":"home","status":"publish","type":"page","link":"https:\/\/www.attentigroup.com\/intl\/","title":{"rendered":"Home"},"content":{"rendered":"","protected":false},"excerpt":{"rendered":"","protected":false},"author":1,"featured_media":0,"parent":0,"menu_order":0,"comment_status":"closed","ping_status":"closed","template":"","meta":{"_acf_changed":false,"footnotes":""},"class_list":["post-234583","page","type-page","status-publish","hentry"],"acf":[],"yoast_head":"<!-- This site is optimized with the Yoast SEO plugin v26.7 - https:\/\/yoast.com\/wordpress\/plugins\/seo\/ -->\n<title>Electronic Monitoring for Allied Universal\u00ae Electronic Monitoring | International<\/title>\n<meta name=\"description\" content=\"\u00a1El l\u00edder mundial en monitoreo electr\u00f3nico por m\u00e1s de 25 a\u00f1os! Ofreciendo soluciones innovadoras para todas sus necesidades de monitoreo electr\u00f3nico.\" \/>\n<meta name=\"robots\" content=\"index, follow, max-snippet:-1, max-image-preview:large, max-video-preview:-1\" \/>\n<link rel=\"canonical\" href=\"https:\/\/www.attentigroup.com\/intl\/\" \/>\n<meta property=\"og:locale\" content=\"en_US\" \/>\n<meta property=\"og:type\" content=\"article\" \/>\n<meta property=\"og:title\" content=\"Electronic Monitoring for Allied Universal\u00ae Electronic Monitoring | International\" \/>\n<meta property=\"og:description\" content=\"\u00a1El l\u00edder mundial en monitoreo electr\u00f3nico por m\u00e1s de 25 a\u00f1os! Ofreciendo soluciones innovadoras para todas sus necesidades de monitoreo electr\u00f3nico.\" \/>\n<meta property=\"og:url\" content=\"https:\/\/www.attentigroup.com\/intl\/\" \/>\n<meta property=\"og:site_name\" content=\"Allied Universal\u00ae Electronic Monitoring\" \/>\n<meta property=\"article:modified_time\" content=\"2024-03-20T22:34:20+00:00\" \/>\n<meta name=\"twitter:card\" content=\"summary_large_image\" \/>\n<script type=\"application\/ld+json\" class=\"yoast-schema-graph\">{\"@context\":\"https:\/\/schema.org\",\"@graph\":[{\"@type\":\"WebPage\",\"@id\":\"https:\/\/www.attentigroup.com\/intl\/\",\"url\":\"https:\/\/www.attentigroup.com\/intl\/\",\"name\":\"Electronic Monitoring for Allied Universal\u00ae Electronic Monitoring | International\",\"isPartOf\":{\"@id\":\"https:\/\/www.attentigroup.com\/intl\/#website\"},\"datePublished\":\"2020-10-05T15:52:38+00:00\",\"dateModified\":\"2024-03-20T22:34:20+00:00\",\"description\":\"\u00a1El l\u00edder mundial en monitoreo electr\u00f3nico por m\u00e1s de 25 a\u00f1os! Ofreciendo soluciones innovadoras para todas sus necesidades de monitoreo electr\u00f3nico.\",\"breadcrumb\":{\"@id\":\"https:\/\/www.attentigroup.com\/intl\/#breadcrumb\"},\"inLanguage\":\"en-US\",\"potentialAction\":[{\"@type\":\"ReadAction\",\"target\":[\"https:\/\/www.attentigroup.com\/intl\/\"]}]},{\"@type\":\"BreadcrumbList\",\"@id\":\"https:\/\/www.attentigroup.com\/intl\/#breadcrumb\",\"itemListElement\":[{\"@type\":\"ListItem\",\"position\":1,\"name\":\"Home\",\"item\":\"https:\/\/www.attentigroup.com\/intl\/\"},{\"@type\":\"ListItem\",\"position\":2,\"name\":\"Home\"}]},{\"@type\":\"WebSite\",\"@id\":\"https:\/\/www.attentigroup.com\/intl\/#website\",\"url\":\"https:\/\/www.attentigroup.com\/intl\/\",\"name\":\"Allied Universal\u00ae Electronic Monitoring\",\"description\":\"Allied Universal\u00ae Electronic Monitoring\",\"potentialAction\":[{\"@type\":\"SearchAction\",\"target\":{\"@type\":\"EntryPoint\",\"urlTemplate\":\"https:\/\/www.attentigroup.com\/intl\/?s={search_term_string}\"},\"query-input\":{\"@type\":\"PropertyValueSpecification\",\"valueRequired\":true,\"valueName\":\"search_term_string\"}}],\"inLanguage\":\"en-US\"}]}<\/script>\n<!-- \/ Yoast SEO plugin. -->","yoast_head_json":{"title":"Electronic Monitoring for Allied Universal\u00ae Electronic Monitoring | International","description":"\u00a1El l\u00edder mundial en monitoreo electr\u00f3nico por m\u00e1s de 25 a\u00f1os! Ofreciendo soluciones innovadoras para todas sus necesidades de monitoreo electr\u00f3nico.","robots":{"index":"index","follow":"follow","max-snippet":"max-snippet:-1","max-image-preview":"max-image-preview:large","max-video-preview":"max-video-preview:-1"},"canonical":"https:\/\/www.attentigroup.com\/intl\/","og_locale":"en_US","og_type":"article","og_title":"Electronic Monitoring for Allied Universal\u00ae Electronic Monitoring | International","og_description":"\u00a1El l\u00edder mundial en monitoreo electr\u00f3nico por m\u00e1s de 25 a\u00f1os! Ofreciendo soluciones innovadoras para todas sus necesidades de monitoreo electr\u00f3nico.","og_url":"https:\/\/www.attentigroup.com\/intl\/","og_site_name":"Allied Universal\u00ae Electronic Monitoring","article_modified_time":"2024-03-20T22:34:20+00:00","twitter_card":"summary_large_image","schema":{"@context":"https:\/\/schema.org","@graph":[{"@type":"WebPage","@id":"https:\/\/www.attentigroup.com\/intl\/","url":"https:\/\/www.attentigroup.com\/intl\/","name":"Electronic Monitoring for Allied Universal\u00ae Electronic Monitoring | International","isPartOf":{"@id":"https:\/\/www.attentigroup.com\/intl\/#website"},"datePublished":"2020-10-05T15:52:38+00:00","dateModified":"2024-03-20T22:34:20+00:00","description":"\u00a1El l\u00edder mundial en monitoreo electr\u00f3nico por m\u00e1s de 25 a\u00f1os! Ofreciendo soluciones innovadoras para todas sus necesidades de monitoreo electr\u00f3nico.","breadcrumb":{"@id":"https:\/\/www.attentigroup.com\/intl\/#breadcrumb"},"inLanguage":"en-US","potentialAction":[{"@type":"ReadAction","target":["https:\/\/www.attentigroup.com\/intl\/"]}]},{"@type":"BreadcrumbList","@id":"https:\/\/www.attentigroup.com\/intl\/#breadcrumb","itemListElement":[{"@type":"ListItem","position":1,"name":"Home","item":"https:\/\/www.attentigroup.com\/intl\/"},{"@type":"ListItem","position":2,"name":"Home"}]},{"@type":"WebSite","@id":"https:\/\/www.attentigroup.com\/intl\/#website","url":"https:\/\/www.attentigroup.com\/intl\/","name":"Allied Universal\u00ae Electronic Monitoring","description":"Allied Universal\u00ae Electronic Monitoring","potentialAction":[{"@type":"SearchAction","target":{"@type":"EntryPoint","urlTemplate":"https:\/\/www.attentigroup.com\/intl\/?s={search_term_string}"},"query-input":{"@type":"PropertyValueSpecification","valueRequired":true,"valueName":"search_term_string"}}],"inLanguage":"en-US"}]}},"_links":{"self":[{"href":"https:\/\/www.attentigroup.com\/intl\/wp-json\/wp\/v2\/pages\/234583","targetHints":{"allow":["GET"]}}],"collection":[{"href":"https:\/\/www.attentigroup.com\/intl\/wp-json\/wp\/v2\/pages"}],"about":[{"href":"https:\/\/www.attentigroup.com\/intl\/wp-json\/wp\/v2\/types\/page"}],"author":[{"embeddable":true,"href":"https:\/\/www.attentigroup.com\/intl\/wp-json\/wp\/v2\/users\/1"}],"replies":[{"embeddable":true,"href":"https:\/\/www.attentigroup.com\/intl\/wp-json\/wp\/v2\/comments?post=234583"}],"version-history":[{"count":25,"href":"https:\/\/www.attentigroup.com\/intl\/wp-json\/wp\/v2\/pages\/234583\/revisions"}],"predecessor-version":[{"id":354763,"href":"https:\/\/www.attentigroup.com\/intl\/wp-json\/wp\/v2\/pages\/234583\/revisions\/354763"}],"wp:attachment":[{"href":"https:\/\/www.attentigroup.com\/intl\/wp-json\/wp\/v2\/media?parent=234583"}],"curies":[{"name":"wp","href":"https:\/\/api.w.org\/{rel}","templated":true}]}}